{"id":6,"date":"2025-11-20T10:47:09","date_gmt":"2025-11-20T10:47:09","guid":{"rendered":"https:\/\/naszakepa.pl\/?page_id=6"},"modified":"2025-11-23T10:30:48","modified_gmt":"2025-11-23T10:30:48","slug":"6-2","status":"publish","type":"page","link":"https:\/\/naszakepa.pl\/","title":{"rendered":"Domy jednorodzinne na K\u0119pie w Bystrej"},"content":{"rendered":"\n<div class=\"wp-block-cover alignfull has-custom-content-position is-position-bottom-center\" style=\"margin-top:0;margin-bottom:0;padding-top:var(--wp--preset--spacing--50);padding-right:var(--wp--preset--spacing--50);padding-bottom:var(--wp--preset--spacing--50);padding-left:var(--wp--preset--spacing--50);min-height:840px;aspect-ratio:unset;\"><img loading=\"lazy\" decoding=\"async\" width=\"1024\" height=\"769\" class=\"wp-block-cover__image-background wp-image-13 size-large\" alt=\"\" src=\"https:\/\/naszakepa.pl\/wp-content\/uploads\/2025\/11\/1000108113-1024x769.jpg\" data-object-fit=\"cover\" srcset=\"https:\/\/naszakepa.pl\/wp-content\/uploads\/2025\/11\/1000108113-1024x769.jpg 1024w, https:\/\/naszakepa.pl\/wp-content\/uploads\/2025\/11\/1000108113-300x225.jpg 300w, https:\/\/naszakepa.pl\/wp-content\/uploads\/2025\/11\/1000108113-768x577.jpg 768w, https:\/\/naszakepa.pl\/wp-content\/uploads\/2025\/11\/1000108113-1536x1153.jpg 1536w, https:\/\/naszakepa.pl\/wp-content\/uploads\/2025\/11\/1000108113-2048x1538.jpg 2048w\" sizes=\"auto, (max-width: 1024px) 100vw, 1024px\" \/><span aria-hidden=\"true\" class=\"wp-block-cover__background has-background-dim-10 has-background-dim\" style=\"background-color:#6e8199\"><\/span><div class=\"wp-block-cover__inner-container has-global-padding is-layout-constrained wp-container-core-cover-is-layout-d89aad35 wp-block-cover-is-layout-constrained\">\n<div class=\"wp-block-group alignwide has-global-padding is-content-justification-right is-layout-constrained wp-container-core-group-is-layout-f1f2ed93 wp-block-group-is-layout-constrained\">\n<h1 class=\"wp-block-heading has-text-align-right has-base-color has-text-color has-link-color has-large-font-size wp-elements-1291b1a41f5cad7b2d2816b29a5b74d4\"><strong>APEL DO MIESZKA\u0143C\u00d3W BYSTREJ, W\u00d3JTA GMINY WILKOWICE ORAZ RADY GMINY WILKOWICE<\/strong><\/h1>\n\n\n\n<h2 class=\"wp-block-heading has-text-align-right has-xx-large-font-size\"><strong>BYSTRA DLA WSZYSTKICH<\/strong><\/h2>\n\n\n\n<h2 class=\"wp-block-heading has-text-align-right has-base-color has-text-color has-link-color has-large-font-size wp-elements-4c8040ebd300823fe1f5014a5a44fe10\"><strong>MARZ<\/strong><strong>YMY O ZIELONEJ, SPOKOJNEJ K\u0118PIE<\/strong><\/h2>\n\n\n\n<p class=\"has-text-align-right has-base-color has-text-color has-link-color wp-elements-ba769c3ab79526f500354e082a2d92d2\"><\/p>\n\n\n\n<div class=\"wp-block-buttons is-content-justification-right is-layout-flex wp-container-core-buttons-is-layout-d445cf74 wp-block-buttons-is-layout-flex\"><\/div>\n<\/div>\n<\/div><\/div>\n\n\n\n<div class=\"wp-block-group alignfull is-style-section-5 has-global-padding is-layout-constrained wp-block-group-is-layout-constrained is-style-section-5--1\" style=\"margin-top:0;margin-bottom:0;padding-top:var(--wp--preset--spacing--50);padding-bottom:var(--wp--preset--spacing--50)\">\n<div class=\"wp-block-columns alignwide is-layout-flex wp-container-core-columns-is-layout-7ee84d44 wp-block-columns-is-layout-flex\">\n<div class=\"wp-block-column is-vertically-aligned-center is-layout-flow wp-block-column-is-layout-flow\" style=\"flex-basis:50%\">\n<h2 class=\"wp-block-heading\">Tu w\u0142a\u015bciciele dzia\u0142ek na K\u0119pie<\/h2>\n\n\n\n<p class=\"has-medium-font-size\">Podkre\u015blamy, \u017ce nie jeste\u015bmy deweloperami i nigdy nie wnioskowali\u015bmy o \u017cadne blokowisko.<\/p>\n\n\n\n<p class=\"has-medium-font-size\">Po roku zn\u00f3w pojawiaj\u0105 si\u0119 nieprawdziwe informacje, kt\u00f3re maj\u0105 wzbudzi\u0107 niepok\u00f3j i wprowadzi\u0107 w b\u0142\u0105d mieszka\u0144c\u00f3w Bystrej i Gminy Wilkowice.<\/p>\n\n\n\n<p class=\"has-medium-font-size\">Prosimy \u2013 poznajcie fakty, zanim uwierzycie plotkom. <\/p>\n\n\n\n<p class=\"has-medium-font-size\">Jako w\u0142a\u015bciciele dzia\u0142ek prosimy o zrozumienie i poszanowanie naszych stara\u0144, kt\u00f3re dotycz\u0105 tylko i wy\u0142\u0105cznie mo\u017cliwo\u015bci budowy dom\u00f3w jednorodzinnych \u2013 w zgodzie z charakterem Bystrej i jej przyrod\u0105. <\/p>\n\n\n\n<p class=\"has-medium-font-size\">K\u0119pa to cz\u0119\u015b\u0107 pi\u0119knej, zielonej Bystrej.<\/p>\n\n\n\n<p class=\"has-medium-font-size\">W naszym wsp\u00f3lnym interesie jest zachowanie walor\u00f3w krajobrazowych, przestrzeni i harmonii tej okolicy \u2013 i w\u0142a\u015bnie temu s\u0142u\u017c\u0105 nasze wnioski.<\/p>\n<\/div>\n\n\n\n<div class=\"wp-block-column is-vertically-aligned-center is-layout-flow wp-block-column-is-layout-flow\" style=\"flex-basis:50%\">\n<figure class=\"wp-block-image size-full\"><img loading=\"lazy\" decoding=\"async\" width=\"2415\" height=\"2560\" src=\"https:\/\/naszakepa.pl\/wp-content\/uploads\/2025\/11\/1000108109-scaled.jpg\" alt=\"\" class=\"wp-image-11\" style=\"aspect-ratio:1;object-fit:cover\" srcset=\"https:\/\/naszakepa.pl\/wp-content\/uploads\/2025\/11\/1000108109-scaled.jpg 2415w, https:\/\/naszakepa.pl\/wp-content\/uploads\/2025\/11\/1000108109-283x300.jpg 283w, https:\/\/naszakepa.pl\/wp-content\/uploads\/2025\/11\/1000108109-966x1024.jpg 966w, https:\/\/naszakepa.pl\/wp-content\/uploads\/2025\/11\/1000108109-768x814.jpg 768w, https:\/\/naszakepa.pl\/wp-content\/uploads\/2025\/11\/1000108109-1449x1536.jpg 1449w, https:\/\/naszakepa.pl\/wp-content\/uploads\/2025\/11\/1000108109-1932x2048.jpg 1932w\" sizes=\"auto, (max-width: 2415px) 100vw, 2415px\" \/><\/figure>\n<\/div>\n<\/div>\n<\/div>\n\n\n\n<div class=\"wp-block-group alignfull has-global-padding is-layout-constrained wp-block-group-is-layout-constrained\" style=\"margin-top:0;margin-bottom:0\">\n<div class=\"wp-block-group alignwide is-layout-grid wp-container-core-group-is-layout-5fdb10e5 wp-block-group-is-layout-grid\" style=\"padding-top:var(--wp--preset--spacing--50);padding-bottom:var(--wp--preset--spacing--50)\">\n<div class=\"wp-block-group is-vertical is-content-justification-stretch is-nowrap is-layout-flex wp-container-core-group-is-layout-627337ab wp-block-group-is-layout-flex\">\n<div class=\"wp-block-group is-vertical is-content-justification-left is-layout-flex wp-container-core-group-is-layout-dd225191 wp-block-group-is-layout-flex\">\n<h2 class=\"wp-block-heading is-style-text-annotation is-style-text-annotation--2\">O nas<\/h2>\n\n\n\n<p class=\"is-style-text-subtitle is-style-text-subtitle--3\">Wszyscy w\u0142a\u015bciciele dzia\u0142ek na K\u0119pie z\u0142o\u017cyli&nbsp;do planu og\u00f3lnego&nbsp;wnioski tej samej tre\u015bci \u2013 o dopuszczenie <strong>WY\u0141\u0104CZNIE<\/strong> zabudowy mieszkaniowej jednorodzinnej o charakterze rezydencjonalnym.<\/p>\n\n\n\n<p>Zabudowa ma mie\u0107 nast\u0119puj\u0105ce parametry:<\/p>\n\n\n\n<ul class=\"wp-block-list\">\n<li>maksymalny udzia\u0142 powierzchni zabudowy: 25% powierzchni dzia\u0142ki,<\/li>\n<\/ul>\n\n\n\n<ul class=\"wp-block-list\">\n<li>maksymaln\u0105 wysoko\u015b\u0107: 9 metr\u00f3w,<\/li>\n<\/ul>\n\n\n\n<ul class=\"wp-block-list\">\n<li>gwarancja minimum 50% powierzchni biologicznie czynnej.<\/li>\n<\/ul>\n\n\n\n<p><\/p>\n\n\n\n<p>Dopuszczenie tej zabudowy oznacza mo\u017cliwo\u015b\u0107 powstania maksymalnie 30 dom\u00f3w jednorodzinnych na ca\u0142ej K\u0119pie.<\/p>\n\n\n\n<p>To wszystko \u2013 \u017cadnych blok\u00f3w, \u017cadnych inwestycji deweloperskich, \u017cadnych osiedli.<\/p>\n<\/div>\n<\/div>\n\n\n\n<figure class=\"wp-block-image size-full\"><img loading=\"lazy\" decoding=\"async\" width=\"2560\" height=\"1922\" src=\"https:\/\/naszakepa.pl\/wp-content\/uploads\/2025\/11\/1000108117-1-scaled.jpg\" alt=\"\" class=\"wp-image-14\" style=\"aspect-ratio:3\/4;object-fit:cover\" srcset=\"https:\/\/naszakepa.pl\/wp-content\/uploads\/2025\/11\/1000108117-1-scaled.jpg 2560w, https:\/\/naszakepa.pl\/wp-content\/uploads\/2025\/11\/1000108117-1-300x225.jpg 300w, https:\/\/naszakepa.pl\/wp-content\/uploads\/2025\/11\/1000108117-1-1024x769.jpg 1024w, https:\/\/naszakepa.pl\/wp-content\/uploads\/2025\/11\/1000108117-1-768x577.jpg 768w, https:\/\/naszakepa.pl\/wp-content\/uploads\/2025\/11\/1000108117-1-1536x1153.jpg 1536w, https:\/\/naszakepa.pl\/wp-content\/uploads\/2025\/11\/1000108117-1-2048x1538.jpg 2048w\" sizes=\"auto, (max-width: 2560px) 100vw, 2560px\" \/><\/figure>\n<\/div>\n<\/div>\n\n\n\n<div class=\"wp-block-group alignfull has-global-padding is-layout-constrained wp-block-group-is-layout-constrained\" style=\"margin-top:0;margin-bottom:0\">\n<div class=\"wp-block-group alignwide is-layout-flow wp-container-core-group-is-layout-d58a0413 wp-block-group-is-layout-flow\" style=\"padding-top:var(--wp--preset--spacing--50);padding-bottom:var(--wp--preset--spacing--50)\">\n<h2 class=\"wp-block-heading has-x-large-font-size\">Cz\u0119sto zadawane pytania<\/h2>\n\n\n\n<div class=\"wp-block-columns is-layout-flex wp-container-core-columns-is-layout-cbe57604 wp-block-columns-is-layout-flex\">\n<div class=\"wp-block-column is-layout-flow wp-block-column-is-layout-flow\">\n<div class=\"wp-block-group is-layout-flow wp-block-group-is-layout-flow\" style=\"border-top-color:var(--wp--preset--color--accent-6);border-top-width:1px;padding-top:var(--wp--preset--spacing--30);padding-bottom:var(--wp--preset--spacing--30)\">\n<h3 class=\"wp-block-heading\">Kim jeste\u015bmy?<\/h3>\n\n\n\n<p>Jeste\u015bmy grup\u0105 w\u0142a\u015bcicieli terenu zielonego zwanego K\u0119p\u0105 w Bystrej. Dzia\u0142amy na rzecz zmiany planu miejscowego, kt\u00f3ry obecnie uniemo\u017cliwia nam budow\u0119 dom\u00f3w jednorodzinnych na naszym terenie. Nikt nas nie sponsoruje, dzia\u0142amy jako grupa w naszym w\u0142asnym imieniu.<\/p>\n<\/div>\n<\/div>\n\n\n\n<div class=\"wp-block-column is-layout-flow wp-block-column-is-layout-flow\">\n<div class=\"wp-block-group is-layout-flow wp-block-group-is-layout-flow\" style=\"border-top-color:var(--wp--preset--color--accent-6);border-top-width:1px;padding-top:var(--wp--preset--spacing--30);padding-bottom:var(--wp--preset--spacing--30)\">\n<h3 class=\"wp-block-heading\">Czyj jest ten teren?<\/h3>\n\n\n\n<p>Jest to teren prywatnych w\u0142a\u015bcicieli \u2013 ludzi, kt\u00f3rzy my\u015bl\u0105c o sobie, swoich rodzinach i dzieciach, chc\u0105 zrealizowa\u0107 swoje W\u0141ASNE potrzeby mieszkaniowe. Nie b\u0119d\u0105 prowadzi\u0107 dzia\u0142alno\u015bci deweloperskiej.<\/p>\n<\/div>\n<\/div>\n<\/div>\n\n\n\n<div class=\"wp-block-columns is-layout-flex wp-container-core-columns-is-layout-cbe57604 wp-block-columns-is-layout-flex\">\n<div class=\"wp-block-column is-layout-flow wp-block-column-is-layout-flow\">\n<div class=\"wp-block-group is-layout-flow wp-block-group-is-layout-flow\" style=\"border-top-color:var(--wp--preset--color--accent-6);border-top-width:1px;padding-top:var(--wp--preset--spacing--30);padding-bottom:var(--wp--preset--spacing--30)\">\n<h3 class=\"wp-block-heading\"> Mia\u0142o by\u0107 jakie\u015b blokowisko?<\/h3>\n\n\n\n<p>Od samego pocz\u0105tku i z ca\u0142\u0105 stanowczo\u015bci\u0105 byli\u015bmy i jeste\u015bmy zdecydowanymi przeciwnikami pomys\u0142u poprzedniego W\u00f3jta Gminy Wilkowice aby na NASZEJ K\u0118PIE dopuszczono jak\u0105kolwiek zabudow\u0119 dewelopersk\u0105 czy tez wielorodzinn\u0105.<\/p>\n\n\n\n<p>Na K\u0119pie wnioskujemy o zabudow\u0119 wy\u0142\u0105cznie pojedynczych domk\u00f3w jednorodzinnych.<\/p>\n<\/div>\n<\/div>\n<\/div>\n<\/div>\n<\/div>\n\n\n\n<div class=\"wp-block-group alignfull has-global-padding is-layout-constrained wp-container-core-group-is-layout-08655630 wp-block-group-is-layout-constrained\" style=\"margin-top:0;margin-bottom:0;padding-top:var(--wp--preset--spacing--80);padding-bottom:var(--wp--preset--spacing--80)\">\n<div class=\"wp-block-group alignwide is-layout-flow wp-block-group-is-layout-flow\">\n<p class=\"has-text-align-center is-style-text-display is-style-text-display--4\" style=\"font-style:normal;font-weight:400\">Masz pytania? <br>Skontaktuj si\u0119 z nami.<\/p>\n\n\n\n<div style=\"height:0px\" aria-hidden=\"true\" class=\"wp-block-spacer\"><\/div>\n<\/div>\n\n\n\n<p class=\"has-text-align-center\"><a href=\"mailto:info@naszakepa.pl\">info@naszakepa.pl<\/a><\/p>\n<\/div>\n","protected":false},"excerpt":{"rendered":"<p>Tu w\u0142a\u015bciciele dzia\u0142ek na K\u0119pie Podkre\u015blamy, \u017ce nie jeste\u015bmy deweloperami i nigdy nie wnioskowali\u015bmy o \u017cadne blokowisko. Po roku zn\u00f3w pojawiaj\u0105 si\u0119 nieprawdziwe informacje, kt\u00f3re maj\u0105 wzbudzi\u0107 niepok\u00f3j i wprowadzi\u0107 w b\u0142\u0105d mieszka\u0144c\u00f3w Bystrej i Gminy Wilkowice. Prosimy \u2013 poznajcie fakty, zanim uwierzycie plotkom. Jako w\u0142a\u015bciciele dzia\u0142ek prosimy o zrozumienie i poszanowanie naszych stara\u0144, kt\u00f3re [&hellip;]<\/p>\n","protected":false},"author":1,"featured_media":0,"parent":0,"menu_order":0,"comment_status":"closed","ping_status":"closed","template":"","meta":{"footnotes":""},"class_list":["post-6","page","type-page","status-publish","hentry"],"_links":{"self":[{"href":"https:\/\/naszakepa.pl\/index.php?rest_route=\/wp\/v2\/pages\/6","targetHints":{"allow":["GET"]}}],"collection":[{"href":"https:\/\/naszakepa.pl\/index.php?rest_route=\/wp\/v2\/pages"}],"about":[{"href":"https:\/\/naszakepa.pl\/index.php?rest_route=\/wp\/v2\/types\/page"}],"author":[{"embeddable":true,"href":"https:\/\/naszakepa.pl\/index.php?rest_route=\/wp\/v2\/users\/1"}],"replies":[{"embeddable":true,"href":"https:\/\/naszakepa.pl\/index.php?rest_route=%2Fwp%2Fv2%2Fcomments&post=6"}],"version-history":[{"count":14,"href":"https:\/\/naszakepa.pl\/index.php?rest_route=\/wp\/v2\/pages\/6\/revisions"}],"predecessor-version":[{"id":33,"href":"https:\/\/naszakepa.pl\/index.php?rest_route=\/wp\/v2\/pages\/6\/revisions\/33"}],"wp:attachment":[{"href":"https:\/\/naszakepa.pl\/index.php?rest_route=%2Fwp%2Fv2%2Fmedia&parent=6"}],"curies":[{"name":"wp","href":"https:\/\/api.w.org\/{rel}","templated":true}]}}